{"id":410,"date":"2025-08-22T13:13:32","date_gmt":"2025-08-22T11:13:32","guid":{"rendered":"https:\/\/mentalgarden.eu\/?page_id=410"},"modified":"2026-02-05T17:18:48","modified_gmt":"2026-02-05T16:18:48","slug":"blog-o-adhd-i-spektrum-autyzmu","status":"publish","type":"page","link":"https:\/\/mentalgarden.eu\/?page_id=410","title":{"rendered":"Blog"},"content":{"rendered":"\t\t<div data-elementor-type=\"wp-page\" data-elementor-id=\"410\" class=\"elementor elementor-410\" data-elementor-post-type=\"page\">\n\t\t\t\t\t\t<section class=\"elementor-section elementor-top-section elementor-element elementor-element-3b5c9d9 elementor-section-stretched elementor-section-full_width elementor-section-height-default elementor-section-height-default\" data-id=\"3b5c9d9\" data-element_type=\"section\" data-e-type=\"section\" data-settings=\"{&quot;background_background&quot;:&quot;classic&quot;,&quot;stretch_section&quot;:&quot;section-stretched&quot;}\">\n\t\t\t\t\t\t\t<div class=\"elementor-background-overlay\"><\/div>\n\t\t\t\t\t\t\t<div class=\"elementor-container elementor-column-gap-no\">\n\t\t\t\t\t<div class=\"elementor-column elementor-col-100 elementor-top-column elementor-element elementor-element-60767b0\" data-id=\"60767b0\" data-element_type=\"column\" data-e-type=\"column\">\n\t\t\t<div class=\"elementor-widget-wrap elementor-element-populated\">\n\t\t\t\t\t\t<section class=\"elementor-section elementor-inner-section elementor-element elementor-element-1095669 elementor-section-boxed elementor-section-height-default elementor-section-height-default elementor-invisible\" data-id=\"1095669\" data-element_type=\"section\" data-e-type=\"section\" data-settings=\"{&quot;animation&quot;:&quot;fadeInUp&quot;}\">\n\t\t\t\t\t\t<div class=\"elementor-container elementor-column-gap-no\">\n\t\t\t\t\t<div class=\"elementor-column elementor-col-100 elementor-inner-column elementor-element elementor-element-4322be6\" data-id=\"4322be6\" data-element_type=\"column\" data-e-type=\"column\">\n\t\t\t<div class=\"elementor-widget-wrap elementor-element-populated\">\n\t\t\t\t\t\t<div class=\"elementor-element elementor-element-5658de0 elementor-widget elementor-widget-heading\" data-id=\"5658de0\" data-element_type=\"widget\" data-e-type=\"widget\" data-widget_type=\"heading.default\">\n\t\t\t\t<div class=\"elementor-widget-container\">\n\t\t\t\t\t<h2 class=\"elementor-heading-title elementor-size-default\">Blog<\/h2>\t\t\t\t<\/div>\n\t\t\t\t<\/div>\n\t\t\t\t<div class=\"elementor-element elementor-element-5549f48 elementor-widget__width-initial elementor-widget elementor-widget-text-editor\" data-id=\"5549f48\" data-element_type=\"widget\" data-e-type=\"widget\" data-widget_type=\"text-editor.default\">\n\t\t\t\t<div class=\"elementor-widget-container\">\n\t\t\t\t\t\t\t\t\t<p>Zobacz tematy, kt\u00f3rymi chcia\u0142abym si\u0119 z Tob\u0105 podzieli\u0107, mog\u0105 Ci\u0119 naprawd\u0119 zainteresowa\u0107&#8230;<\/p>\t\t\t\t\t\t\t\t<\/div>\n\t\t\t\t<\/div>\n\t\t\t\t\t<\/div>\n\t\t<\/div>\n\t\t\t\t\t<\/div>\n\t\t<\/section>\n\t\t\t\t<section class=\"elementor-section elementor-inner-section elementor-element elementor-element-b5bf216 elementor-section-boxed elementor-section-height-default elementor-section-height-default\" data-id=\"b5bf216\" data-element_type=\"section\" data-e-type=\"section\">\n\t\t\t\t\t\t<div class=\"elementor-container elementor-column-gap-no\">\n\t\t\t\t\t<div class=\"elementor-column elementor-col-100 elementor-inner-column elementor-element elementor-element-54ba3b6\" data-id=\"54ba3b6\" data-element_type=\"column\" data-e-type=\"column\">\n\t\t\t<div class=\"elementor-widget-wrap\">\n\t\t\t\t\t\t\t<\/div>\n\t\t<\/div>\n\t\t\t\t\t<\/div>\n\t\t<\/section>\n\t\t\t\t<div class=\"elementor-element elementor-element-c02daf2 elementor-widget__width-auto elementor-absolute elementor-widget elementor-widget-image\" data-id=\"c02daf2\" data-element_type=\"widget\" data-e-type=\"widget\" data-settings=\"{&quot;_position&quot;:&quot;absolute&quot;}\" data-widget_type=\"image.default\">\n\t\t\t\t<div class=\"elementor-widget-container\">\n\t\t\t\t\t\t\t\t\t\t\t\t\t\t\t<img fetchpriority=\"high\" decoding=\"async\" width=\"273\" height=\"469\" src=\"https:\/\/mentalgarden.eu\/wp-content\/uploads\/2025\/08\/sieradz-psychoterapia.png\" class=\"attachment-full size-full wp-image-209\" alt=\"\" srcset=\"https:\/\/mentalgarden.eu\/wp-content\/uploads\/2025\/08\/sieradz-psychoterapia.png 273w, https:\/\/mentalgarden.eu\/wp-content\/uploads\/2025\/08\/sieradz-psychoterapia-175x300.png 175w\" sizes=\"(max-width: 273px) 100vw, 273px\" \/>\t\t\t\t\t\t\t\t\t\t\t\t\t\t\t<\/div>\n\t\t\t\t<\/div>\n\t\t\t\t\t<\/div>\n\t\t<\/div>\n\t\t\t\t\t<\/div>\n\t\t<\/section>\n\t\t\t\t<\/div>\n\t\t","protected":false},"excerpt":{"rendered":"<p>Blog Zobacz tematy, kt\u00f3rymi chcia\u0142abym si\u0119 z Tob\u0105 podzieli\u0107, mog\u0105 Ci\u0119 naprawd\u0119 zainteresowa\u0107&#8230; Zaburzenia ADHD u m\u0142odzie\u017cy Sed ut perspiciatis unde omnis iste natus error sit voluptatem&#8230; Czytaj wi\u0119cej Na czym polega terapia d\u0142ugoterminowa Sed ut perspiciatis unde omnis iste natus error sit voluptatem&#8230; Czytaj wi\u0119cej Terapia psychodynamiczna Sed ut perspiciatis unde omnis iste natus [&hellip;]<\/p>\n","protected":false},"author":1,"featured_media":0,"parent":0,"menu_order":0,"comment_status":"closed","ping_status":"closed","template":"elementor_header_footer","meta":{"footnotes":""},"class_list":["post-410","page","type-page","status-publish","hentry"],"yoast_head":"<!-- This site is optimized with the Yoast SEO plugin v26.9 - https:\/\/yoast.com\/product\/yoast-seo-wordpress\/ -->\n<title>Blog - Mantal Garden<\/title>\n<meta name=\"description\" content=\"Artyku\u0142y o ADHD, spektrum autyzmu i zdrowiu psychicznym. Praktyczna wiedza od psychoterapeutki. Poznaj objawy, diagnoz\u0119 i strategie radzenia sobie.\" \/>\n<meta name=\"robots\" content=\"index, follow, max-snippet:-1, max-image-preview:large, max-video-preview:-1\" \/>\n<link rel=\"canonical\" href=\"https:\/\/mentalgarden.eu\/?page_id=410\" \/>\n<meta property=\"og:locale\" content=\"en_US\" \/>\n<meta property=\"og:type\" content=\"article\" \/>\n<meta property=\"og:title\" content=\"Blog - Mantal Garden\" \/>\n<meta property=\"og:description\" content=\"Artyku\u0142y o ADHD, spektrum autyzmu i zdrowiu psychicznym. Praktyczna wiedza od psychoterapeutki. Poznaj objawy, diagnoz\u0119 i strategie radzenia sobie.\" \/>\n<meta property=\"og:url\" content=\"https:\/\/mentalgarden.eu\/?page_id=410\" \/>\n<meta property=\"og:site_name\" content=\"Mantal Garden\" \/>\n<meta property=\"article:modified_time\" content=\"2026-02-05T16:18:48+00:00\" \/>\n<meta property=\"og:image\" content=\"https:\/\/mentalgarden.eu\/wp-content\/uploads\/2025\/08\/Plik25.jpg\" \/>\n<meta name=\"twitter:card\" content=\"summary_large_image\" \/>\n<meta name=\"twitter:label1\" content=\"Est. reading time\" \/>\n\t<meta name=\"twitter:data1\" content=\"2 minutes\" \/>\n<script type=\"application\/ld+json\" class=\"yoast-schema-graph\">{\"@context\":\"https:\/\/schema.org\",\"@graph\":[{\"@type\":\"WebPage\",\"@id\":\"https:\/\/mentalgarden.eu\/?page_id=410\",\"url\":\"https:\/\/mentalgarden.eu\/?page_id=410\",\"name\":\"Blog - Mantal Garden\",\"isPartOf\":{\"@id\":\"https:\/\/mentalgarden.eu\/#website\"},\"primaryImageOfPage\":{\"@id\":\"https:\/\/mentalgarden.eu\/?page_id=410#primaryimage\"},\"image\":{\"@id\":\"https:\/\/mentalgarden.eu\/?page_id=410#primaryimage\"},\"thumbnailUrl\":\"https:\/\/mentalgarden.eu\/wp-content\/uploads\/2025\/08\/Plik25.jpg\",\"datePublished\":\"2025-08-22T11:13:32+00:00\",\"dateModified\":\"2026-02-05T16:18:48+00:00\",\"description\":\"Artyku\u0142y o ADHD, spektrum autyzmu i zdrowiu psychicznym. Praktyczna wiedza od psychoterapeutki. Poznaj objawy, diagnoz\u0119 i strategie radzenia sobie.\",\"breadcrumb\":{\"@id\":\"https:\/\/mentalgarden.eu\/?page_id=410#breadcrumb\"},\"inLanguage\":\"en-US\",\"potentialAction\":[{\"@type\":\"ReadAction\",\"target\":[\"https:\/\/mentalgarden.eu\/?page_id=410\"]}]},{\"@type\":\"ImageObject\",\"inLanguage\":\"en-US\",\"@id\":\"https:\/\/mentalgarden.eu\/?page_id=410#primaryimage\",\"url\":\"https:\/\/mentalgarden.eu\/wp-content\/uploads\/2025\/08\/Plik25.jpg\",\"contentUrl\":\"https:\/\/mentalgarden.eu\/wp-content\/uploads\/2025\/08\/Plik25.jpg\",\"width\":1344,\"height\":768},{\"@type\":\"BreadcrumbList\",\"@id\":\"https:\/\/mentalgarden.eu\/?page_id=410#breadcrumb\",\"itemListElement\":[{\"@type\":\"ListItem\",\"position\":1,\"name\":\"Strona g\u0142\u00f3wna\",\"item\":\"https:\/\/mentalgarden.eu\/\"},{\"@type\":\"ListItem\",\"position\":2,\"name\":\"Blog\"}]},{\"@type\":\"WebSite\",\"@id\":\"https:\/\/mentalgarden.eu\/#website\",\"url\":\"https:\/\/mentalgarden.eu\/\",\"name\":\"Mantal Garden\",\"description\":\"Psychoterapia Warta\",\"publisher\":{\"@id\":\"https:\/\/mentalgarden.eu\/#organization\"},\"potentialAction\":[{\"@type\":\"SearchAction\",\"target\":{\"@type\":\"EntryPoint\",\"urlTemplate\":\"https:\/\/mentalgarden.eu\/?s={search_term_string}\"},\"query-input\":{\"@type\":\"PropertyValueSpecification\",\"valueRequired\":true,\"valueName\":\"search_term_string\"}}],\"inLanguage\":\"en-US\"},{\"@type\":\"Organization\",\"@id\":\"https:\/\/mentalgarden.eu\/#organization\",\"name\":\"Mantal Garden\",\"url\":\"https:\/\/mentalgarden.eu\/\",\"logo\":{\"@type\":\"ImageObject\",\"inLanguage\":\"en-US\",\"@id\":\"https:\/\/mentalgarden.eu\/#\/schema\/logo\/image\/\",\"url\":\"https:\/\/mentalgarden.eu\/wp-content\/uploads\/2025\/08\/Mental_Garden_logo_white-poziom.png\",\"contentUrl\":\"https:\/\/mentalgarden.eu\/wp-content\/uploads\/2025\/08\/Mental_Garden_logo_white-poziom.png\",\"width\":516,\"height\":182,\"caption\":\"Mantal Garden\"},\"image\":{\"@id\":\"https:\/\/mentalgarden.eu\/#\/schema\/logo\/image\/\"}}]}<\/script>\n<!-- \/ Yoast SEO plugin. -->","yoast_head_json":{"title":"Blog - Mantal Garden","description":"Artyku\u0142y o ADHD, spektrum autyzmu i zdrowiu psychicznym. Praktyczna wiedza od psychoterapeutki. Poznaj objawy, diagnoz\u0119 i strategie radzenia sobie.","robots":{"index":"index","follow":"follow","max-snippet":"max-snippet:-1","max-image-preview":"max-image-preview:large","max-video-preview":"max-video-preview:-1"},"canonical":"https:\/\/mentalgarden.eu\/?page_id=410","og_locale":"en_US","og_type":"article","og_title":"Blog - Mantal Garden","og_description":"Artyku\u0142y o ADHD, spektrum autyzmu i zdrowiu psychicznym. Praktyczna wiedza od psychoterapeutki. Poznaj objawy, diagnoz\u0119 i strategie radzenia sobie.","og_url":"https:\/\/mentalgarden.eu\/?page_id=410","og_site_name":"Mantal Garden","article_modified_time":"2026-02-05T16:18:48+00:00","og_image":[{"url":"https:\/\/mentalgarden.eu\/wp-content\/uploads\/2025\/08\/Plik25.jpg","type":"","width":"","height":""}],"twitter_card":"summary_large_image","twitter_misc":{"Est. reading time":"2 minutes"},"schema":{"@context":"https:\/\/schema.org","@graph":[{"@type":"WebPage","@id":"https:\/\/mentalgarden.eu\/?page_id=410","url":"https:\/\/mentalgarden.eu\/?page_id=410","name":"Blog - Mantal Garden","isPartOf":{"@id":"https:\/\/mentalgarden.eu\/#website"},"primaryImageOfPage":{"@id":"https:\/\/mentalgarden.eu\/?page_id=410#primaryimage"},"image":{"@id":"https:\/\/mentalgarden.eu\/?page_id=410#primaryimage"},"thumbnailUrl":"https:\/\/mentalgarden.eu\/wp-content\/uploads\/2025\/08\/Plik25.jpg","datePublished":"2025-08-22T11:13:32+00:00","dateModified":"2026-02-05T16:18:48+00:00","description":"Artyku\u0142y o ADHD, spektrum autyzmu i zdrowiu psychicznym. Praktyczna wiedza od psychoterapeutki. Poznaj objawy, diagnoz\u0119 i strategie radzenia sobie.","breadcrumb":{"@id":"https:\/\/mentalgarden.eu\/?page_id=410#breadcrumb"},"inLanguage":"en-US","potentialAction":[{"@type":"ReadAction","target":["https:\/\/mentalgarden.eu\/?page_id=410"]}]},{"@type":"ImageObject","inLanguage":"en-US","@id":"https:\/\/mentalgarden.eu\/?page_id=410#primaryimage","url":"https:\/\/mentalgarden.eu\/wp-content\/uploads\/2025\/08\/Plik25.jpg","contentUrl":"https:\/\/mentalgarden.eu\/wp-content\/uploads\/2025\/08\/Plik25.jpg","width":1344,"height":768},{"@type":"BreadcrumbList","@id":"https:\/\/mentalgarden.eu\/?page_id=410#breadcrumb","itemListElement":[{"@type":"ListItem","position":1,"name":"Strona g\u0142\u00f3wna","item":"https:\/\/mentalgarden.eu\/"},{"@type":"ListItem","position":2,"name":"Blog"}]},{"@type":"WebSite","@id":"https:\/\/mentalgarden.eu\/#website","url":"https:\/\/mentalgarden.eu\/","name":"Mantal Garden","description":"Psychoterapia Warta","publisher":{"@id":"https:\/\/mentalgarden.eu\/#organization"},"potentialAction":[{"@type":"SearchAction","target":{"@type":"EntryPoint","urlTemplate":"https:\/\/mentalgarden.eu\/?s={search_term_string}"},"query-input":{"@type":"PropertyValueSpecification","valueRequired":true,"valueName":"search_term_string"}}],"inLanguage":"en-US"},{"@type":"Organization","@id":"https:\/\/mentalgarden.eu\/#organization","name":"Mantal Garden","url":"https:\/\/mentalgarden.eu\/","logo":{"@type":"ImageObject","inLanguage":"en-US","@id":"https:\/\/mentalgarden.eu\/#\/schema\/logo\/image\/","url":"https:\/\/mentalgarden.eu\/wp-content\/uploads\/2025\/08\/Mental_Garden_logo_white-poziom.png","contentUrl":"https:\/\/mentalgarden.eu\/wp-content\/uploads\/2025\/08\/Mental_Garden_logo_white-poziom.png","width":516,"height":182,"caption":"Mantal Garden"},"image":{"@id":"https:\/\/mentalgarden.eu\/#\/schema\/logo\/image\/"}}]}},"_links":{"self":[{"href":"https:\/\/mentalgarden.eu\/index.php?rest_route=\/wp\/v2\/pages\/410","targetHints":{"allow":["GET"]}}],"collection":[{"href":"https:\/\/mentalgarden.eu\/index.php?rest_route=\/wp\/v2\/pages"}],"about":[{"href":"https:\/\/mentalgarden.eu\/index.php?rest_route=\/wp\/v2\/types\/page"}],"author":[{"embeddable":true,"href":"https:\/\/mentalgarden.eu\/index.php?rest_route=\/wp\/v2\/users\/1"}],"replies":[{"embeddable":true,"href":"https:\/\/mentalgarden.eu\/index.php?rest_route=%2Fwp%2Fv2%2Fcomments&post=410"}],"version-history":[{"count":4,"href":"https:\/\/mentalgarden.eu\/index.php?rest_route=\/wp\/v2\/pages\/410\/revisions"}],"predecessor-version":[{"id":414,"href":"https:\/\/mentalgarden.eu\/index.php?rest_route=\/wp\/v2\/pages\/410\/revisions\/414"}],"wp:attachment":[{"href":"https:\/\/mentalgarden.eu\/index.php?rest_route=%2Fwp%2Fv2%2Fmedia&parent=410"}],"curies":[{"name":"wp","href":"https:\/\/api.w.org\/{rel}","templated":true}]}}