{"id":80,"date":"2025-08-12T10:46:24","date_gmt":"2025-08-12T08:46:24","guid":{"rendered":"https:\/\/mentalgarden.eu\/?page_id=80"},"modified":"2026-02-05T17:16:47","modified_gmt":"2026-02-05T16:16:47","slug":"oferta-diagnoza-adhd-i-autyzmu-sieradz","status":"publish","type":"page","link":"https:\/\/mentalgarden.eu\/?page_id=80","title":{"rendered":"Oferta"},"content":{"rendered":"\t\t<div data-elementor-type=\"wp-page\" data-elementor-id=\"80\" class=\"elementor elementor-80\" data-elementor-post-type=\"page\">\n\t\t\t\t\t\t<section class=\"elementor-section elementor-top-section elementor-element elementor-element-7c5c401 elementor-section-content-middle elementor-section-boxed elementor-section-height-default elementor-section-height-default\" data-id=\"7c5c401\" data-element_type=\"section\" data-e-type=\"section\" data-settings=\"{&quot;background_background&quot;:&quot;classic&quot;}\">\n\t\t\t\t\t\t\t<div class=\"elementor-background-overlay\"><\/div>\n\t\t\t\t\t\t\t<div class=\"elementor-container elementor-column-gap-no\">\n\t\t\t\t\t<div class=\"elementor-column elementor-col-50 elementor-top-column elementor-element elementor-element-b3bbd98 elementor-invisible\" data-id=\"b3bbd98\" data-element_type=\"column\" data-e-type=\"column\" data-settings=\"{&quot;animation&quot;:&quot;fadeInLeft&quot;}\">\n\t\t\t<div class=\"elementor-widget-wrap elementor-element-populated\">\n\t\t\t\t\t\t<div class=\"elementor-element elementor-element-0b9f698 elementor-widget elementor-widget-image\" data-id=\"0b9f698\" data-element_type=\"widget\" data-e-type=\"widget\" data-widget_type=\"image.default\">\n\t\t\t\t<div class=\"elementor-widget-container\">\n\t\t\t\t\t\t\t\t\t\t\t\t\t\t\t<img fetchpriority=\"high\" decoding=\"async\" width=\"961\" height=\"864\" src=\"https:\/\/mentalgarden.eu\/wp-content\/uploads\/2025\/09\/Marlena-Kornacka-psycholog-w-Warcie.png\" class=\"attachment-full size-full wp-image-486\" alt=\"Psychoterapeuta Sieradz\" srcset=\"https:\/\/mentalgarden.eu\/wp-content\/uploads\/2025\/09\/Marlena-Kornacka-psycholog-w-Warcie.png 961w, https:\/\/mentalgarden.eu\/wp-content\/uploads\/2025\/09\/Marlena-Kornacka-psycholog-w-Warcie-300x270.png 300w, https:\/\/mentalgarden.eu\/wp-content\/uploads\/2025\/09\/Marlena-Kornacka-psycholog-w-Warcie-768x690.png 768w\" sizes=\"(max-width: 961px) 100vw, 961px\" \/>\t\t\t\t\t\t\t\t\t\t\t\t\t\t\t<\/div>\n\t\t\t\t<\/div>\n\t\t\t\t\t<\/div>\n\t\t<\/div>\n\t\t\t\t<div class=\"elementor-column elementor-col-50 elementor-top-column elementor-element elementor-element-72d6c99 elementor-invisible\" data-id=\"72d6c99\" data-element_type=\"column\" data-e-type=\"column\" data-settings=\"{&quot;animation&quot;:&quot;fadeInRight&quot;}\">\n\t\t\t<div class=\"elementor-widget-wrap elementor-element-populated\">\n\t\t\t\t\t\t<div class=\"elementor-element elementor-element-3dafde8 elementor-widget elementor-widget-heading\" data-id=\"3dafde8\" data-element_type=\"widget\" data-e-type=\"widget\" data-widget_type=\"heading.default\">\n\t\t\t\t<div class=\"elementor-widget-container\">\n\t\t\t\t\t<h2 class=\"elementor-heading-title elementor-size-default\">Oferta<\/h2>\t\t\t\t<\/div>\n\t\t\t\t<\/div>\n\t\t\t\t<div class=\"elementor-element elementor-element-ced9305 elementor-widget elementor-widget-text-editor\" data-id=\"ced9305\" data-element_type=\"widget\" data-e-type=\"widget\" data-widget_type=\"text-editor.default\">\n\t\t\t\t<div class=\"elementor-widget-container\">\n\t\t\t\t\t\t\t\t\t<p>W mojej pracy skupiam si\u0119 na indywidualnym podej\u015bciu, aby ka\u017cdy m\u00f3g\u0142 odnale\u017a\u0107 swoje miejsce w \u015bwiecie. Razem mo\u017cemy odkry\u0107, jakie strategie i umiej\u0119tno\u015bci b\u0119d\u0105 dla Ciebie najskuteczniejsze<\/p><p>Je\u015bli chcesz dowiedzie\u0107 si\u0119 wi\u0119cej o ADHD lub spektrum autyzmu, ch\u0119tnie podziel\u0119 si\u0119 wiedz\u0105 i do\u015bwiadczeniem, aby wspiera\u0107 Ci\u0119 w drodze do lepszego zrozumienia siebie i swojego otoczenia.<\/p><p>Zobacz, czy nadpobudliwo\u015b\u0107 psychoruchowa mo\u017ce dotyczy\u0107 Twojej pociechy lub Ciebie.\u00a0 Ilo\u015b\u0107 spotka\u0144 potrzebnych do diagnozy to z regu\u0142y 4-5 sesji. Koszt jednego spotkania 250 z\u0142.\u00a0<\/p>\t\t\t\t\t\t\t\t<\/div>\n\t\t\t\t<\/div>\n\t\t\t\t<div class=\"elementor-element elementor-element-d064668 elementor-widget__width-initial elementor-widget-tablet__width-initial elementor-absolute elementor-widget elementor-widget-image\" data-id=\"d064668\" data-element_type=\"widget\" data-e-type=\"widget\" data-settings=\"{&quot;_position&quot;:&quot;absolute&quot;}\" data-widget_type=\"image.default\">\n\t\t\t\t<div class=\"elementor-widget-container\">\n\t\t\t\t\t\t\t\t\t\t\t\t\t\t\t<img decoding=\"async\" width=\"273\" height=\"469\" src=\"https:\/\/mentalgarden.eu\/wp-content\/uploads\/2025\/08\/sieradz-psycholog.png\" class=\"attachment-full size-full wp-image-201\" alt=\"\" srcset=\"https:\/\/mentalgarden.eu\/wp-content\/uploads\/2025\/08\/sieradz-psycholog.png 273w, https:\/\/mentalgarden.eu\/wp-content\/uploads\/2025\/08\/sieradz-psycholog-175x300.png 175w\" sizes=\"(max-width: 273px) 100vw, 273px\" \/>\t\t\t\t\t\t\t\t\t\t\t\t\t\t\t<\/div>\n\t\t\t\t<\/div>\n\t\t\t\t\t<\/div>\n\t\t<\/div>\n\t\t\t\t\t<\/div>\n\t\t<\/section>\n\t\t\t\t<section class=\"elementor-section elementor-top-section elementor-element elementor-element-0233c81 elementor-section-boxed elementor-section-height-default elementor-section-height-default\" data-id=\"0233c81\" data-element_type=\"section\" data-e-type=\"section\" data-settings=\"{&quot;background_background&quot;:&quot;classic&quot;}\">\n\t\t\t\t\t\t\t<div class=\"elementor-background-overlay\"><\/div>\n\t\t\t\t\t\t\t<div class=\"elementor-container elementor-column-gap-no\">\n\t\t\t\t\t<div class=\"elementor-column elementor-col-100 elementor-top-column elementor-element elementor-element-ef4c07d\" data-id=\"ef4c07d\" data-element_type=\"column\" data-e-type=\"column\">\n\t\t\t<div class=\"elementor-widget-wrap elementor-element-populated\">\n\t\t\t\t\t\t<section class=\"elementor-section elementor-inner-section elementor-element elementor-element-761a153 elementor-section-boxed elementor-section-height-default elementor-section-height-default elementor-invisible\" data-id=\"761a153\" data-element_type=\"section\" data-e-type=\"section\" data-settings=\"{&quot;animation&quot;:&quot;fadeInUp&quot;}\">\n\t\t\t\t\t\t<div class=\"elementor-container elementor-column-gap-no\">\n\t\t\t\t\t<div class=\"elementor-column elementor-col-100 elementor-inner-column elementor-element elementor-element-62c25bf\" data-id=\"62c25bf\" data-element_type=\"column\" data-e-type=\"column\">\n\t\t\t<div class=\"elementor-widget-wrap elementor-element-populated\">\n\t\t\t\t\t\t<div class=\"elementor-element elementor-element-b0738b4 elementor-widget elementor-widget-heading\" data-id=\"b0738b4\" data-element_type=\"widget\" data-e-type=\"widget\" data-widget_type=\"heading.default\">\n\t\t\t\t<div class=\"elementor-widget-container\">\n\t\t\t\t\t<h2 class=\"elementor-heading-title elementor-size-default\">Cennik<\/h2>\t\t\t\t<\/div>\n\t\t\t\t<\/div>\n\t\t\t\t<div class=\"elementor-element elementor-element-fd88705 elementor-widget__width-initial elementor-widget elementor-widget-text-editor\" data-id=\"fd88705\" data-element_type=\"widget\" data-e-type=\"widget\" data-widget_type=\"text-editor.default\">\n\t\t\t\t<div class=\"elementor-widget-container\">\n\t\t\t\t\t\t\t\t\t<p>Oto warto\u015b\u0107 inwestycji w lepsze zrozumienie siebie<\/p>\t\t\t\t\t\t\t\t<\/div>\n\t\t\t\t<\/div>\n\t\t\t\t\t<\/div>\n\t\t<\/div>\n\t\t\t\t\t<\/div>\n\t\t<\/section>\n\t\t\t\t<section class=\"elementor-section elementor-inner-section elementor-element elementor-element-23a2e0d elementor-section-boxed elementor-section-height-default elementor-section-height-default\" data-id=\"23a2e0d\" data-element_type=\"section\" data-e-type=\"section\">\n\t\t\t\t\t\t<div class=\"elementor-container elementor-column-gap-no\">\n\t\t\t\t\t<div class=\"elementor-column elementor-col-50 elementor-inner-column elementor-element elementor-element-b87230c\" data-id=\"b87230c\" data-element_type=\"column\" data-e-type=\"column\">\n\t\t\t<div class=\"elementor-widget-wrap\">\n\t\t\t\t\t\t\t<\/div>\n\t\t<\/div>\n\t\t\t\t<div class=\"elementor-column elementor-col-50 elementor-inner-column elementor-element elementor-element-8e52935\" data-id=\"8e52935\" data-element_type=\"column\" data-e-type=\"column\">\n\t\t\t<div class=\"elementor-widget-wrap\">\n\t\t\t\t\t\t\t<\/div>\n\t\t<\/div>\n\t\t\t\t\t<\/div>\n\t\t<\/section>\n\t\t\t\t<section class=\"elementor-section elementor-inner-section elementor-element elementor-element-47457e2 elementor-section-boxed elementor-section-height-default elementor-section-height-default elementor-invisible\" data-id=\"47457e2\" data-element_type=\"section\" data-e-type=\"section\" data-settings=\"{&quot;animation&quot;:&quot;fadeInUp&quot;}\">\n\t\t\t\t\t\t<div class=\"elementor-container elementor-column-gap-no\">\n\t\t\t\t\t<div class=\"elementor-column elementor-col-100 elementor-inner-column elementor-element elementor-element-e7f7bef\" data-id=\"e7f7bef\" data-element_type=\"column\" data-e-type=\"column\">\n\t\t\t<div class=\"elementor-widget-wrap elementor-element-populated\">\n\t\t\t\t\t\t<div class=\"elementor-element elementor-element-ef49029 elementor-widget elementor-widget-heading\" data-id=\"ef49029\" data-element_type=\"widget\" data-e-type=\"widget\" data-widget_type=\"heading.default\">\n\t\t\t\t<div class=\"elementor-widget-container\">\n\t\t\t\t\t<h2 class=\"elementor-heading-title elementor-size-default\">Gdzie przyjmuj\u0119<\/h2>\t\t\t\t<\/div>\n\t\t\t\t<\/div>\n\t\t\t\t<div class=\"elementor-element elementor-element-0cea440 elementor-widget__width-initial elementor-widget elementor-widget-text-editor\" data-id=\"0cea440\" data-element_type=\"widget\" data-e-type=\"widget\" data-widget_type=\"text-editor.default\">\n\t\t\t\t<div class=\"elementor-widget-container\">\n\t\t\t\t\t\t\t\t\t<p>Przyjmuj\u0119 w Sieradzu, w malowniczym miejscu przy Rynku 14, 98-200. Je\u015bli chcesz si\u0119 skontaktowa\u0107, pisz na adres: <a href=\"mailto:mental.garden.terapia@gmail.com\">mental.garden.terapia@gmail.com<\/a> lub dzwo\u0144: 793\u00a0703\u00a0906. Ch\u0119tnie odpowiem na wszelkie pytania dotycz\u0105ce terapii i wsparcia, jakie oferuj\u0119. Zapraszam serdecznie!<\/p>\t\t\t\t\t\t\t\t<\/div>\n\t\t\t\t<\/div>\n\t\t\t\t<div class=\"elementor-element elementor-element-ac66809 elementor-widget elementor-widget-google_maps\" data-id=\"ac66809\" data-element_type=\"widget\" data-e-type=\"widget\" data-widget_type=\"google_maps.default\">\n\t\t\t\t<div class=\"elementor-widget-container\">\n\t\t\t\t\t\t\t<div class=\"elementor-custom-embed\">\n\t\t\t<iframe loading=\"lazy\"\n\t\t\t\t\tsrc=\"https:\/\/maps.google.com\/maps?q=Sieradz%2C%20Rynek%2014&#038;t=m&#038;z=10&#038;output=embed&#038;iwloc=near\"\n\t\t\t\t\ttitle=\"Sieradz, Rynek 14\"\n\t\t\t\t\taria-label=\"Sieradz, Rynek 14\"\n\t\t\t><\/iframe>\n\t\t<\/div>\n\t\t\t\t\t\t<\/div>\n\t\t\t\t<\/div>\n\t\t\t\t\t<\/div>\n\t\t<\/div>\n\t\t\t\t\t<\/div>\n\t\t<\/section>\n\t\t\t\t\t<\/div>\n\t\t<\/div>\n\t\t\t\t\t<\/div>\n\t\t<\/section>\n\t\t\t\t<\/div>\n\t\t","protected":false},"excerpt":{"rendered":"<p>Oferta W mojej pracy skupiam si\u0119 na indywidualnym podej\u015bciu, aby ka\u017cdy m\u00f3g\u0142 odnale\u017a\u0107 swoje miejsce w \u015bwiecie. Razem mo\u017cemy odkry\u0107, jakie strategie i umiej\u0119tno\u015bci b\u0119d\u0105 dla Ciebie najskuteczniejsze Je\u015bli chcesz dowiedzie\u0107 si\u0119 wi\u0119cej o ADHD lub spektrum autyzmu, ch\u0119tnie podziel\u0119 si\u0119 wiedz\u0105 i do\u015bwiadczeniem, aby wspiera\u0107 Ci\u0119 w drodze do lepszego zrozumienia siebie i swojego [&hellip;]<\/p>\n","protected":false},"author":1,"featured_media":0,"parent":0,"menu_order":0,"comment_status":"closed","ping_status":"closed","template":"elementor_header_footer","meta":{"footnotes":""},"class_list":["post-80","page","type-page","status-publish","hentry"],"yoast_head":"<!-- This site is optimized with the Yoast SEO plugin v26.9 - https:\/\/yoast.com\/product\/yoast-seo-wordpress\/ -->\n<title>Oferta - Mantal Garden<\/title>\n<meta name=\"description\" content=\"Diagnoza ADHD u dzieci i doros\u0142ych w Sieradzu. Badanie spektrum autyzmu. 4-5 spotka\u0144 diagnostycznych. Psychoterapia indywidualna. Cennik i szczeg\u00f3\u0142y.\" \/>\n<meta name=\"robots\" content=\"index, follow, max-snippet:-1, max-image-preview:large, max-video-preview:-1\" \/>\n<link rel=\"canonical\" href=\"https:\/\/mentalgarden.eu\/?page_id=80\" \/>\n<meta property=\"og:locale\" content=\"en_US\" \/>\n<meta property=\"og:type\" content=\"article\" \/>\n<meta property=\"og:title\" content=\"Oferta - Mantal Garden\" \/>\n<meta property=\"og:description\" content=\"Diagnoza ADHD u dzieci i doros\u0142ych w Sieradzu. Badanie spektrum autyzmu. 4-5 spotka\u0144 diagnostycznych. Psychoterapia indywidualna. Cennik i szczeg\u00f3\u0142y.\" \/>\n<meta property=\"og:url\" content=\"https:\/\/mentalgarden.eu\/?page_id=80\" \/>\n<meta property=\"og:site_name\" content=\"Mantal Garden\" \/>\n<meta property=\"article:modified_time\" content=\"2026-02-05T16:16:47+00:00\" \/>\n<meta property=\"og:image\" content=\"https:\/\/mentalgarden.eu\/wp-content\/uploads\/2025\/09\/Marlena-Kornacka-psycholog-w-Warcie.png\" \/>\n<meta name=\"twitter:card\" content=\"summary_large_image\" \/>\n<meta name=\"twitter:label1\" content=\"Est. reading time\" \/>\n\t<meta name=\"twitter:data1\" content=\"2 minutes\" \/>\n<script type=\"application\/ld+json\" class=\"yoast-schema-graph\">{\"@context\":\"https:\/\/schema.org\",\"@graph\":[{\"@type\":\"WebPage\",\"@id\":\"https:\/\/mentalgarden.eu\/?page_id=80\",\"url\":\"https:\/\/mentalgarden.eu\/?page_id=80\",\"name\":\"Oferta - Mantal Garden\",\"isPartOf\":{\"@id\":\"https:\/\/mentalgarden.eu\/#website\"},\"primaryImageOfPage\":{\"@id\":\"https:\/\/mentalgarden.eu\/?page_id=80#primaryimage\"},\"image\":{\"@id\":\"https:\/\/mentalgarden.eu\/?page_id=80#primaryimage\"},\"thumbnailUrl\":\"https:\/\/mentalgarden.eu\/wp-content\/uploads\/2025\/09\/Marlena-Kornacka-psycholog-w-Warcie.png\",\"datePublished\":\"2025-08-12T08:46:24+00:00\",\"dateModified\":\"2026-02-05T16:16:47+00:00\",\"description\":\"Diagnoza ADHD u dzieci i doros\u0142ych w Sieradzu. Badanie spektrum autyzmu. 4-5 spotka\u0144 diagnostycznych. Psychoterapia indywidualna. Cennik i szczeg\u00f3\u0142y.\",\"breadcrumb\":{\"@id\":\"https:\/\/mentalgarden.eu\/?page_id=80#breadcrumb\"},\"inLanguage\":\"en-US\",\"potentialAction\":[{\"@type\":\"ReadAction\",\"target\":[\"https:\/\/mentalgarden.eu\/?page_id=80\"]}]},{\"@type\":\"ImageObject\",\"inLanguage\":\"en-US\",\"@id\":\"https:\/\/mentalgarden.eu\/?page_id=80#primaryimage\",\"url\":\"https:\/\/mentalgarden.eu\/wp-content\/uploads\/2025\/09\/Marlena-Kornacka-psycholog-w-Warcie.png\",\"contentUrl\":\"https:\/\/mentalgarden.eu\/wp-content\/uploads\/2025\/09\/Marlena-Kornacka-psycholog-w-Warcie.png\",\"width\":961,\"height\":864,\"caption\":\"Psychoterapia Sieradz Marlena Kornacka\"},{\"@type\":\"BreadcrumbList\",\"@id\":\"https:\/\/mentalgarden.eu\/?page_id=80#breadcrumb\",\"itemListElement\":[{\"@type\":\"ListItem\",\"position\":1,\"name\":\"Strona g\u0142\u00f3wna\",\"item\":\"https:\/\/mentalgarden.eu\/\"},{\"@type\":\"ListItem\",\"position\":2,\"name\":\"Oferta\"}]},{\"@type\":\"WebSite\",\"@id\":\"https:\/\/mentalgarden.eu\/#website\",\"url\":\"https:\/\/mentalgarden.eu\/\",\"name\":\"Mantal Garden\",\"description\":\"Psychoterapia Warta\",\"publisher\":{\"@id\":\"https:\/\/mentalgarden.eu\/#organization\"},\"potentialAction\":[{\"@type\":\"SearchAction\",\"target\":{\"@type\":\"EntryPoint\",\"urlTemplate\":\"https:\/\/mentalgarden.eu\/?s={search_term_string}\"},\"query-input\":{\"@type\":\"PropertyValueSpecification\",\"valueRequired\":true,\"valueName\":\"search_term_string\"}}],\"inLanguage\":\"en-US\"},{\"@type\":\"Organization\",\"@id\":\"https:\/\/mentalgarden.eu\/#organization\",\"name\":\"Mantal Garden\",\"url\":\"https:\/\/mentalgarden.eu\/\",\"logo\":{\"@type\":\"ImageObject\",\"inLanguage\":\"en-US\",\"@id\":\"https:\/\/mentalgarden.eu\/#\/schema\/logo\/image\/\",\"url\":\"https:\/\/mentalgarden.eu\/wp-content\/uploads\/2025\/08\/Mental_Garden_logo_white-poziom.png\",\"contentUrl\":\"https:\/\/mentalgarden.eu\/wp-content\/uploads\/2025\/08\/Mental_Garden_logo_white-poziom.png\",\"width\":516,\"height\":182,\"caption\":\"Mantal Garden\"},\"image\":{\"@id\":\"https:\/\/mentalgarden.eu\/#\/schema\/logo\/image\/\"}}]}<\/script>\n<!-- \/ Yoast SEO plugin. -->","yoast_head_json":{"title":"Oferta - Mantal Garden","description":"Diagnoza ADHD u dzieci i doros\u0142ych w Sieradzu. Badanie spektrum autyzmu. 4-5 spotka\u0144 diagnostycznych. Psychoterapia indywidualna. Cennik i szczeg\u00f3\u0142y.","robots":{"index":"index","follow":"follow","max-snippet":"max-snippet:-1","max-image-preview":"max-image-preview:large","max-video-preview":"max-video-preview:-1"},"canonical":"https:\/\/mentalgarden.eu\/?page_id=80","og_locale":"en_US","og_type":"article","og_title":"Oferta - Mantal Garden","og_description":"Diagnoza ADHD u dzieci i doros\u0142ych w Sieradzu. Badanie spektrum autyzmu. 4-5 spotka\u0144 diagnostycznych. Psychoterapia indywidualna. Cennik i szczeg\u00f3\u0142y.","og_url":"https:\/\/mentalgarden.eu\/?page_id=80","og_site_name":"Mantal Garden","article_modified_time":"2026-02-05T16:16:47+00:00","og_image":[{"url":"https:\/\/mentalgarden.eu\/wp-content\/uploads\/2025\/09\/Marlena-Kornacka-psycholog-w-Warcie.png","type":"","width":"","height":""}],"twitter_card":"summary_large_image","twitter_misc":{"Est. reading time":"2 minutes"},"schema":{"@context":"https:\/\/schema.org","@graph":[{"@type":"WebPage","@id":"https:\/\/mentalgarden.eu\/?page_id=80","url":"https:\/\/mentalgarden.eu\/?page_id=80","name":"Oferta - Mantal Garden","isPartOf":{"@id":"https:\/\/mentalgarden.eu\/#website"},"primaryImageOfPage":{"@id":"https:\/\/mentalgarden.eu\/?page_id=80#primaryimage"},"image":{"@id":"https:\/\/mentalgarden.eu\/?page_id=80#primaryimage"},"thumbnailUrl":"https:\/\/mentalgarden.eu\/wp-content\/uploads\/2025\/09\/Marlena-Kornacka-psycholog-w-Warcie.png","datePublished":"2025-08-12T08:46:24+00:00","dateModified":"2026-02-05T16:16:47+00:00","description":"Diagnoza ADHD u dzieci i doros\u0142ych w Sieradzu. Badanie spektrum autyzmu. 4-5 spotka\u0144 diagnostycznych. Psychoterapia indywidualna. Cennik i szczeg\u00f3\u0142y.","breadcrumb":{"@id":"https:\/\/mentalgarden.eu\/?page_id=80#breadcrumb"},"inLanguage":"en-US","potentialAction":[{"@type":"ReadAction","target":["https:\/\/mentalgarden.eu\/?page_id=80"]}]},{"@type":"ImageObject","inLanguage":"en-US","@id":"https:\/\/mentalgarden.eu\/?page_id=80#primaryimage","url":"https:\/\/mentalgarden.eu\/wp-content\/uploads\/2025\/09\/Marlena-Kornacka-psycholog-w-Warcie.png","contentUrl":"https:\/\/mentalgarden.eu\/wp-content\/uploads\/2025\/09\/Marlena-Kornacka-psycholog-w-Warcie.png","width":961,"height":864,"caption":"Psychoterapia Sieradz Marlena Kornacka"},{"@type":"BreadcrumbList","@id":"https:\/\/mentalgarden.eu\/?page_id=80#breadcrumb","itemListElement":[{"@type":"ListItem","position":1,"name":"Strona g\u0142\u00f3wna","item":"https:\/\/mentalgarden.eu\/"},{"@type":"ListItem","position":2,"name":"Oferta"}]},{"@type":"WebSite","@id":"https:\/\/mentalgarden.eu\/#website","url":"https:\/\/mentalgarden.eu\/","name":"Mantal Garden","description":"Psychoterapia Warta","publisher":{"@id":"https:\/\/mentalgarden.eu\/#organization"},"potentialAction":[{"@type":"SearchAction","target":{"@type":"EntryPoint","urlTemplate":"https:\/\/mentalgarden.eu\/?s={search_term_string}"},"query-input":{"@type":"PropertyValueSpecification","valueRequired":true,"valueName":"search_term_string"}}],"inLanguage":"en-US"},{"@type":"Organization","@id":"https:\/\/mentalgarden.eu\/#organization","name":"Mantal Garden","url":"https:\/\/mentalgarden.eu\/","logo":{"@type":"ImageObject","inLanguage":"en-US","@id":"https:\/\/mentalgarden.eu\/#\/schema\/logo\/image\/","url":"https:\/\/mentalgarden.eu\/wp-content\/uploads\/2025\/08\/Mental_Garden_logo_white-poziom.png","contentUrl":"https:\/\/mentalgarden.eu\/wp-content\/uploads\/2025\/08\/Mental_Garden_logo_white-poziom.png","width":516,"height":182,"caption":"Mantal Garden"},"image":{"@id":"https:\/\/mentalgarden.eu\/#\/schema\/logo\/image\/"}}]}},"_links":{"self":[{"href":"https:\/\/mentalgarden.eu\/index.php?rest_route=\/wp\/v2\/pages\/80","targetHints":{"allow":["GET"]}}],"collection":[{"href":"https:\/\/mentalgarden.eu\/index.php?rest_route=\/wp\/v2\/pages"}],"about":[{"href":"https:\/\/mentalgarden.eu\/index.php?rest_route=\/wp\/v2\/types\/page"}],"author":[{"embeddable":true,"href":"https:\/\/mentalgarden.eu\/index.php?rest_route=\/wp\/v2\/users\/1"}],"replies":[{"embeddable":true,"href":"https:\/\/mentalgarden.eu\/index.php?rest_route=%2Fwp%2Fv2%2Fcomments&post=80"}],"version-history":[{"count":57,"href":"https:\/\/mentalgarden.eu\/index.php?rest_route=\/wp\/v2\/pages\/80\/revisions"}],"predecessor-version":[{"id":552,"href":"https:\/\/mentalgarden.eu\/index.php?rest_route=\/wp\/v2\/pages\/80\/revisions\/552"}],"wp:attachment":[{"href":"https:\/\/mentalgarden.eu\/index.php?rest_route=%2Fwp%2Fv2%2Fmedia&parent=80"}],"curies":[{"name":"wp","href":"https:\/\/api.w.org\/{rel}","templated":true}]}}