{"id":98,"date":"2025-08-12T10:46:27","date_gmt":"2025-08-12T08:46:27","guid":{"rendered":"https:\/\/mentalgarden.eu\/?page_id=98"},"modified":"2026-02-05T17:17:48","modified_gmt":"2026-02-05T16:17:48","slug":"kontakt-gabinet-psychoterapii-sieradz","status":"publish","type":"page","link":"https:\/\/mentalgarden.eu\/?page_id=98","title":{"rendered":"Kontakt"},"content":{"rendered":"\t\t<div data-elementor-type=\"wp-page\" data-elementor-id=\"98\" class=\"elementor elementor-98\" data-elementor-post-type=\"page\">\n\t\t\t\t\t\t<section class=\"elementor-section elementor-top-section elementor-element elementor-element-6e3e88c elementor-section-content-middle elementor-section-boxed elementor-section-height-default elementor-section-height-default\" data-id=\"6e3e88c\" data-element_type=\"section\" data-e-type=\"section\" data-settings=\"{&quot;background_background&quot;:&quot;classic&quot;}\">\n\t\t\t\t\t\t\t<div class=\"elementor-background-overlay\"><\/div>\n\t\t\t\t\t\t\t<div class=\"elementor-container elementor-column-gap-no\">\n\t\t\t\t\t<div class=\"elementor-column elementor-col-50 elementor-top-column elementor-element elementor-element-a6585d4 elementor-invisible\" data-id=\"a6585d4\" data-element_type=\"column\" data-e-type=\"column\" data-settings=\"{&quot;animation&quot;:&quot;fadeInLeft&quot;}\">\n\t\t\t<div class=\"elementor-widget-wrap elementor-element-populated\">\n\t\t\t\t\t\t<div class=\"elementor-element elementor-element-8f520e8 elementor-widget elementor-widget-image\" data-id=\"8f520e8\" data-element_type=\"widget\" data-e-type=\"widget\" data-widget_type=\"image.default\">\n\t\t\t\t<div class=\"elementor-widget-container\">\n\t\t\t\t\t\t\t\t\t\t\t\t\t\t\t<img fetchpriority=\"high\" decoding=\"async\" width=\"772\" height=\"817\" src=\"https:\/\/mentalgarden.eu\/wp-content\/uploads\/2025\/08\/Marlena-terapeuta-1.png\" class=\"attachment-full size-full wp-image-442\" alt=\"\" srcset=\"https:\/\/mentalgarden.eu\/wp-content\/uploads\/2025\/08\/Marlena-terapeuta-1.png 772w, https:\/\/mentalgarden.eu\/wp-content\/uploads\/2025\/08\/Marlena-terapeuta-1-283x300.png 283w, https:\/\/mentalgarden.eu\/wp-content\/uploads\/2025\/08\/Marlena-terapeuta-1-768x813.png 768w\" sizes=\"(max-width: 772px) 100vw, 772px\" \/>\t\t\t\t\t\t\t\t\t\t\t\t\t\t\t<\/div>\n\t\t\t\t<\/div>\n\t\t\t\t\t<\/div>\n\t\t<\/div>\n\t\t\t\t<div class=\"elementor-column elementor-col-50 elementor-top-column elementor-element elementor-element-d28dc5f elementor-invisible\" data-id=\"d28dc5f\" data-element_type=\"column\" data-e-type=\"column\" data-settings=\"{&quot;animation&quot;:&quot;fadeInRight&quot;}\">\n\t\t\t<div class=\"elementor-widget-wrap elementor-element-populated\">\n\t\t\t\t\t\t<div class=\"elementor-element elementor-element-52e7881 elementor-widget elementor-widget-heading\" data-id=\"52e7881\" data-element_type=\"widget\" data-e-type=\"widget\" data-widget_type=\"heading.default\">\n\t\t\t\t<div class=\"elementor-widget-container\">\n\t\t\t\t\t<h2 class=\"elementor-heading-title elementor-size-default\">Kontakt<\/h2>\t\t\t\t<\/div>\n\t\t\t\t<\/div>\n\t\t\t\t<div class=\"elementor-element elementor-element-6a7c61d elementor-widget elementor-widget-text-editor\" data-id=\"6a7c61d\" data-element_type=\"widget\" data-e-type=\"widget\" data-widget_type=\"text-editor.default\">\n\t\t\t\t<div class=\"elementor-widget-container\">\n\t\t\t\t\t\t\t\t\t<p>Przyjmuj\u0119 w Sieradzu, w malowniczym miejscu przy Rynku 14, 98-200. Je\u015bli chcesz si\u0119 skontaktowa\u0107, pisz na adres: <a href=\"mailto:mental.garden.terapia@gmail.com\">mental.garden.terapia@gmail.com<\/a> lub dzwo\u0144: 793\u00a0703\u00a0906. Ch\u0119tnie odpowiem na wszelkie pytania dotycz\u0105ce terapii i wsparcia, jakie oferuj\u0119. Zapraszam serdecznie!<\/p>\t\t\t\t\t\t\t\t<\/div>\n\t\t\t\t<\/div>\n\t\t\t\t<div class=\"elementor-element elementor-element-8ad63cf elementor-widget__width-initial elementor-widget-tablet__width-initial elementor-absolute elementor-widget elementor-widget-image\" data-id=\"8ad63cf\" data-element_type=\"widget\" data-e-type=\"widget\" data-settings=\"{&quot;_position&quot;:&quot;absolute&quot;}\" data-widget_type=\"image.default\">\n\t\t\t\t<div class=\"elementor-widget-container\">\n\t\t\t\t\t\t\t\t\t\t\t\t\t\t\t<img decoding=\"async\" width=\"273\" height=\"469\" src=\"https:\/\/mentalgarden.eu\/wp-content\/uploads\/2025\/08\/terapeuta-sieradz.png\" class=\"attachment-full size-full wp-image-436\" alt=\"\" srcset=\"https:\/\/mentalgarden.eu\/wp-content\/uploads\/2025\/08\/terapeuta-sieradz.png 273w, https:\/\/mentalgarden.eu\/wp-content\/uploads\/2025\/08\/terapeuta-sieradz-175x300.png 175w\" sizes=\"(max-width: 273px) 100vw, 273px\" \/>\t\t\t\t\t\t\t\t\t\t\t\t\t\t\t<\/div>\n\t\t\t\t<\/div>\n\t\t\t\t\t<\/div>\n\t\t<\/div>\n\t\t\t\t\t<\/div>\n\t\t<\/section>\n\t\t\t\t<\/div>\n\t\t","protected":false},"excerpt":{"rendered":"<p>Kontakt Przyjmuj\u0119 w Sieradzu, w malowniczym miejscu przy Rynku 14, 98-200. Je\u015bli chcesz si\u0119 skontaktowa\u0107, pisz na adres: mental.garden.terapia@gmail.com lub dzwo\u0144: 793\u00a0703\u00a0906. Ch\u0119tnie odpowiem na wszelkie pytania dotycz\u0105ce terapii i wsparcia, jakie oferuj\u0119. Zapraszam serdecznie! Napisz do mnie Zadzwo\u0144 do mnie<\/p>\n","protected":false},"author":1,"featured_media":0,"parent":0,"menu_order":0,"comment_status":"closed","ping_status":"closed","template":"elementor_header_footer","meta":{"footnotes":""},"class_list":["post-98","page","type-page","status-publish","hentry"],"yoast_head":"<!-- This site is optimized with the Yoast SEO plugin v26.9 - https:\/\/yoast.com\/product\/yoast-seo-wordpress\/ -->\n<title>Kontakt - Mantal Garden<\/title>\n<meta name=\"description\" content=\"Um\u00f3w wizyt\u0119 u psychoterapeuty w Sieradzu. Marlena Kornacka - diagnoza ADHD, spektrum autyzmu, terapia indywidualna. Adres, telefon, godziny pracy.\" \/>\n<meta name=\"robots\" content=\"index, follow, max-snippet:-1, max-image-preview:large, max-video-preview:-1\" \/>\n<link rel=\"canonical\" href=\"https:\/\/mentalgarden.eu\/?page_id=98\" \/>\n<meta property=\"og:locale\" content=\"en_US\" \/>\n<meta property=\"og:type\" content=\"article\" \/>\n<meta property=\"og:title\" content=\"Kontakt - Mantal Garden\" \/>\n<meta property=\"og:description\" content=\"Um\u00f3w wizyt\u0119 u psychoterapeuty w Sieradzu. Marlena Kornacka - diagnoza ADHD, spektrum autyzmu, terapia indywidualna. Adres, telefon, godziny pracy.\" \/>\n<meta property=\"og:url\" content=\"https:\/\/mentalgarden.eu\/?page_id=98\" \/>\n<meta property=\"og:site_name\" content=\"Mantal Garden\" \/>\n<meta property=\"article:modified_time\" content=\"2026-02-05T16:17:48+00:00\" \/>\n<meta property=\"og:image\" content=\"https:\/\/mentalgarden.eu\/wp-content\/uploads\/2025\/08\/Marlena-terapeuta-1.png\" \/>\n<meta name=\"twitter:card\" content=\"summary_large_image\" \/>\n<meta name=\"twitter:label1\" content=\"Est. reading time\" \/>\n\t<meta name=\"twitter:data1\" content=\"1 minute\" \/>\n<script type=\"application\/ld+json\" class=\"yoast-schema-graph\">{\"@context\":\"https:\/\/schema.org\",\"@graph\":[{\"@type\":\"WebPage\",\"@id\":\"https:\/\/mentalgarden.eu\/?page_id=98\",\"url\":\"https:\/\/mentalgarden.eu\/?page_id=98\",\"name\":\"Kontakt - Mantal Garden\",\"isPartOf\":{\"@id\":\"https:\/\/mentalgarden.eu\/#website\"},\"primaryImageOfPage\":{\"@id\":\"https:\/\/mentalgarden.eu\/?page_id=98#primaryimage\"},\"image\":{\"@id\":\"https:\/\/mentalgarden.eu\/?page_id=98#primaryimage\"},\"thumbnailUrl\":\"https:\/\/mentalgarden.eu\/wp-content\/uploads\/2025\/08\/Marlena-terapeuta-1.png\",\"datePublished\":\"2025-08-12T08:46:27+00:00\",\"dateModified\":\"2026-02-05T16:17:48+00:00\",\"description\":\"Um\u00f3w wizyt\u0119 u psychoterapeuty w Sieradzu. Marlena Kornacka - diagnoza ADHD, spektrum autyzmu, terapia indywidualna. Adres, telefon, godziny pracy.\",\"breadcrumb\":{\"@id\":\"https:\/\/mentalgarden.eu\/?page_id=98#breadcrumb\"},\"inLanguage\":\"en-US\",\"potentialAction\":[{\"@type\":\"ReadAction\",\"target\":[\"https:\/\/mentalgarden.eu\/?page_id=98\"]}]},{\"@type\":\"ImageObject\",\"inLanguage\":\"en-US\",\"@id\":\"https:\/\/mentalgarden.eu\/?page_id=98#primaryimage\",\"url\":\"https:\/\/mentalgarden.eu\/wp-content\/uploads\/2025\/08\/Marlena-terapeuta-1.png\",\"contentUrl\":\"https:\/\/mentalgarden.eu\/wp-content\/uploads\/2025\/08\/Marlena-terapeuta-1.png\",\"width\":772,\"height\":817},{\"@type\":\"BreadcrumbList\",\"@id\":\"https:\/\/mentalgarden.eu\/?page_id=98#breadcrumb\",\"itemListElement\":[{\"@type\":\"ListItem\",\"position\":1,\"name\":\"Strona g\u0142\u00f3wna\",\"item\":\"https:\/\/mentalgarden.eu\/\"},{\"@type\":\"ListItem\",\"position\":2,\"name\":\"Kontakt\"}]},{\"@type\":\"WebSite\",\"@id\":\"https:\/\/mentalgarden.eu\/#website\",\"url\":\"https:\/\/mentalgarden.eu\/\",\"name\":\"Mantal Garden\",\"description\":\"Psychoterapia Warta\",\"publisher\":{\"@id\":\"https:\/\/mentalgarden.eu\/#organization\"},\"potentialAction\":[{\"@type\":\"SearchAction\",\"target\":{\"@type\":\"EntryPoint\",\"urlTemplate\":\"https:\/\/mentalgarden.eu\/?s={search_term_string}\"},\"query-input\":{\"@type\":\"PropertyValueSpecification\",\"valueRequired\":true,\"valueName\":\"search_term_string\"}}],\"inLanguage\":\"en-US\"},{\"@type\":\"Organization\",\"@id\":\"https:\/\/mentalgarden.eu\/#organization\",\"name\":\"Mantal Garden\",\"url\":\"https:\/\/mentalgarden.eu\/\",\"logo\":{\"@type\":\"ImageObject\",\"inLanguage\":\"en-US\",\"@id\":\"https:\/\/mentalgarden.eu\/#\/schema\/logo\/image\/\",\"url\":\"https:\/\/mentalgarden.eu\/wp-content\/uploads\/2025\/08\/Mental_Garden_logo_white-poziom.png\",\"contentUrl\":\"https:\/\/mentalgarden.eu\/wp-content\/uploads\/2025\/08\/Mental_Garden_logo_white-poziom.png\",\"width\":516,\"height\":182,\"caption\":\"Mantal Garden\"},\"image\":{\"@id\":\"https:\/\/mentalgarden.eu\/#\/schema\/logo\/image\/\"}}]}<\/script>\n<!-- \/ Yoast SEO plugin. -->","yoast_head_json":{"title":"Kontakt - Mantal Garden","description":"Um\u00f3w wizyt\u0119 u psychoterapeuty w Sieradzu. Marlena Kornacka - diagnoza ADHD, spektrum autyzmu, terapia indywidualna. Adres, telefon, godziny pracy.","robots":{"index":"index","follow":"follow","max-snippet":"max-snippet:-1","max-image-preview":"max-image-preview:large","max-video-preview":"max-video-preview:-1"},"canonical":"https:\/\/mentalgarden.eu\/?page_id=98","og_locale":"en_US","og_type":"article","og_title":"Kontakt - Mantal Garden","og_description":"Um\u00f3w wizyt\u0119 u psychoterapeuty w Sieradzu. Marlena Kornacka - diagnoza ADHD, spektrum autyzmu, terapia indywidualna. Adres, telefon, godziny pracy.","og_url":"https:\/\/mentalgarden.eu\/?page_id=98","og_site_name":"Mantal Garden","article_modified_time":"2026-02-05T16:17:48+00:00","og_image":[{"url":"https:\/\/mentalgarden.eu\/wp-content\/uploads\/2025\/08\/Marlena-terapeuta-1.png","type":"","width":"","height":""}],"twitter_card":"summary_large_image","twitter_misc":{"Est. reading time":"1 minute"},"schema":{"@context":"https:\/\/schema.org","@graph":[{"@type":"WebPage","@id":"https:\/\/mentalgarden.eu\/?page_id=98","url":"https:\/\/mentalgarden.eu\/?page_id=98","name":"Kontakt - Mantal Garden","isPartOf":{"@id":"https:\/\/mentalgarden.eu\/#website"},"primaryImageOfPage":{"@id":"https:\/\/mentalgarden.eu\/?page_id=98#primaryimage"},"image":{"@id":"https:\/\/mentalgarden.eu\/?page_id=98#primaryimage"},"thumbnailUrl":"https:\/\/mentalgarden.eu\/wp-content\/uploads\/2025\/08\/Marlena-terapeuta-1.png","datePublished":"2025-08-12T08:46:27+00:00","dateModified":"2026-02-05T16:17:48+00:00","description":"Um\u00f3w wizyt\u0119 u psychoterapeuty w Sieradzu. Marlena Kornacka - diagnoza ADHD, spektrum autyzmu, terapia indywidualna. Adres, telefon, godziny pracy.","breadcrumb":{"@id":"https:\/\/mentalgarden.eu\/?page_id=98#breadcrumb"},"inLanguage":"en-US","potentialAction":[{"@type":"ReadAction","target":["https:\/\/mentalgarden.eu\/?page_id=98"]}]},{"@type":"ImageObject","inLanguage":"en-US","@id":"https:\/\/mentalgarden.eu\/?page_id=98#primaryimage","url":"https:\/\/mentalgarden.eu\/wp-content\/uploads\/2025\/08\/Marlena-terapeuta-1.png","contentUrl":"https:\/\/mentalgarden.eu\/wp-content\/uploads\/2025\/08\/Marlena-terapeuta-1.png","width":772,"height":817},{"@type":"BreadcrumbList","@id":"https:\/\/mentalgarden.eu\/?page_id=98#breadcrumb","itemListElement":[{"@type":"ListItem","position":1,"name":"Strona g\u0142\u00f3wna","item":"https:\/\/mentalgarden.eu\/"},{"@type":"ListItem","position":2,"name":"Kontakt"}]},{"@type":"WebSite","@id":"https:\/\/mentalgarden.eu\/#website","url":"https:\/\/mentalgarden.eu\/","name":"Mantal Garden","description":"Psychoterapia Warta","publisher":{"@id":"https:\/\/mentalgarden.eu\/#organization"},"potentialAction":[{"@type":"SearchAction","target":{"@type":"EntryPoint","urlTemplate":"https:\/\/mentalgarden.eu\/?s={search_term_string}"},"query-input":{"@type":"PropertyValueSpecification","valueRequired":true,"valueName":"search_term_string"}}],"inLanguage":"en-US"},{"@type":"Organization","@id":"https:\/\/mentalgarden.eu\/#organization","name":"Mantal Garden","url":"https:\/\/mentalgarden.eu\/","logo":{"@type":"ImageObject","inLanguage":"en-US","@id":"https:\/\/mentalgarden.eu\/#\/schema\/logo\/image\/","url":"https:\/\/mentalgarden.eu\/wp-content\/uploads\/2025\/08\/Mental_Garden_logo_white-poziom.png","contentUrl":"https:\/\/mentalgarden.eu\/wp-content\/uploads\/2025\/08\/Mental_Garden_logo_white-poziom.png","width":516,"height":182,"caption":"Mantal Garden"},"image":{"@id":"https:\/\/mentalgarden.eu\/#\/schema\/logo\/image\/"}}]}},"_links":{"self":[{"href":"https:\/\/mentalgarden.eu\/index.php?rest_route=\/wp\/v2\/pages\/98","targetHints":{"allow":["GET"]}}],"collection":[{"href":"https:\/\/mentalgarden.eu\/index.php?rest_route=\/wp\/v2\/pages"}],"about":[{"href":"https:\/\/mentalgarden.eu\/index.php?rest_route=\/wp\/v2\/types\/page"}],"author":[{"embeddable":true,"href":"https:\/\/mentalgarden.eu\/index.php?rest_route=\/wp\/v2\/users\/1"}],"replies":[{"embeddable":true,"href":"https:\/\/mentalgarden.eu\/index.php?rest_route=%2Fwp%2Fv2%2Fcomments&post=98"}],"version-history":[{"count":20,"href":"https:\/\/mentalgarden.eu\/index.php?rest_route=\/wp\/v2\/pages\/98\/revisions"}],"predecessor-version":[{"id":517,"href":"https:\/\/mentalgarden.eu\/index.php?rest_route=\/wp\/v2\/pages\/98\/revisions\/517"}],"wp:attachment":[{"href":"https:\/\/mentalgarden.eu\/index.php?rest_route=%2Fwp%2Fv2%2Fmedia&parent=98"}],"curies":[{"name":"wp","href":"https:\/\/api.w.org\/{rel}","templated":true}]}}